{"id":387,"date":"2022-10-17T10:04:15","date_gmt":"2022-10-17T13:04:15","guid":{"rendered":"https:\/\/agencianectarina.com.br\/egd\/?page_id=387"},"modified":"2022-12-08T15:33:43","modified_gmt":"2022-12-08T18:33:43","slug":"clientes-e-parceiros","status":"publish","type":"page","link":"https:\/\/agencianectarina.com.br\/egd\/clientes-e-parceiros\/","title":{"rendered":"Clientes e parceiros"},"content":{"rendered":"[mk_page_section bg_image=&#8221;https:\/\/agencianectarina.com.br\/egd\/wp-content\/uploads\/2022\/10\/Capa-duto.jpg&#8221; bg_position=&#8221;center top&#8221; bg_repeat=&#8221;no-repeat&#8221; bg_stretch=&#8221;true&#8221; video_loop=&#8221;false&#8221; video_color_mask=&#8221;rgba(29,99,101,0.9)&#8221; video_opacity=&#8221;0.8&#8243; padding_top=&#8221;60&#8243; padding_bottom=&#8221;40&#8243; sidebar=&#8221;sidebar-1&#8243;][vc_column][vc_custom_heading text=&#8221;CLIENTES E PARCEIROS&#8221; font_container=&#8221;tag:h1|font_size:25px|text_align:left|color:%23ffffff&#8221; google_fonts=&#8221;font_family:Lato%3A100%2C100italic%2C300%2C300italic%2Cregular%2Citalic%2C700%2C700italic%2C900%2C900italic|font_style:700%20bold%20regular%3A700%3Anormal&#8221;][\/vc_column][\/mk_page_section][mk_page_section video_loop=&#8221;false&#8221; padding_top=&#8221;60&#8243; padding_bottom=&#8221;30&#8243; sidebar=&#8221;sidebar-1&#8243;][vc_column width=&#8221;1\/6&#8243;][\/vc_column][vc_column width=&#8221;2\/3&#8243;][vc_column_text]\n<h4 style=\"text-align: center;\">Desenvolver relacionamentos de qualidade com seus clientes \u00e9 um dos maiores diferenciais da EGD Engenharia.<\/h4>\n<p style=\"text-align: center;\">Veja abaixo alguns exemplos de organiza\u00e7\u00f5es que acreditam nesta ideia.<\/p>\n[\/vc_column_text][\/vc_column][vc_column width=&#8221;1\/6&#8243;][\/vc_column][\/mk_page_section][mk_page_section video_loop=&#8221;false&#8221; padding_top=&#8221;0&#8243; padding_bottom=&#8221;60&#8243; sidebar=&#8221;sidebar-1&#8243;][vc_column][mk_clients style=&#8221;column&#8221; column=&#8221;6&#8243; count=&#8221;30&#8243; border_color=&#8221;#f1f1f1&#8243; height=&#8221;169&#8243; autoplay=&#8221;false&#8221; target=&#8221;_blank&#8221;][\/vc_column][\/mk_page_section][mk_page_section bg_color=&#8221;#f1f1f1&#8243; video_loop=&#8221;false&#8221; padding_top=&#8221;60&#8243; padding_bottom=&#8221;30&#8243; sidebar=&#8221;sidebar-1&#8243;][vc_column width=&#8221;1\/6&#8243;][\/vc_column][vc_column width=&#8221;2\/3&#8243;][vc_custom_heading text=&#8221;REPRESENTA\u00c7\u00d5ES DE PRODUTOS&#8221; font_container=&#8221;tag:h2|font_size:25px|text_align:center&#8221; google_fonts=&#8221;font_family:Lato%3A100%2C100italic%2C300%2C300italic%2Cregular%2Citalic%2C700%2C700italic%2C900%2C900italic|font_style:400%20regular%3A400%3Anormal&#8221;][\/vc_column][vc_column width=&#8221;1\/6&#8243;][\/vc_column][\/mk_page_section][mk_page_section bg_color=&#8221;#f1f1f1&#8243; video_loop=&#8221;false&#8221; padding_top=&#8221;0&#8243; padding_bottom=&#8221;60&#8243; sidebar=&#8221;sidebar-1&#8243;][vc_column width=&#8221;1\/3&#8243;][mk_image src=&#8221;https:\/\/agencianectarina.com.br\/egd\/wp-content\/uploads\/2022\/10\/american-innovations.jpg&#8221; image_size=&#8221;full&#8221; link=&#8221;https:\/\/www.aiworldwide.com\/&#8221; target=&#8221;_blank&#8221; align=&#8221;center&#8221; margin_bottom=&#8221;20&#8243;][\/vc_column][vc_column width=&#8221;1\/3&#8243;][mk_image src=&#8221;https:\/\/agencianectarina.com.br\/egd\/wp-content\/uploads\/2022\/10\/denso.jpg&#8221; image_size=&#8221;full&#8221; link=&#8221;https:\/\/www.denso-group.com\/en\/&#8221; target=&#8221;_blank&#8221; align=&#8221;center&#8221; margin_bottom=&#8221;20&#8243;][\/vc_column][vc_column width=&#8221;1\/3&#8243;][mk_image src=&#8221;https:\/\/agencianectarina.com.br\/egd\/wp-content\/uploads\/2022\/10\/damage.jpg&#8221; image_size=&#8221;full&#8221; link=&#8221;https:\/\/www.damageprevention.com\/&#8221; target=&#8221;_blank&#8221; align=&#8221;center&#8221; margin_bottom=&#8221;20&#8243;][\/vc_column][\/mk_page_section][mk_page_section bg_color=&#8221;#26404d&#8221; padding_top=&#8221;60&#8243; padding_bottom=&#8221;60&#8243; sidebar=&#8221;sidebar-1&#8243;][vc_column width=&#8221;1\/4&#8243;][vc_column_text]<img loading=\"lazy\" decoding=\"async\" class=\"alignnone size-medium wp-image-46\" src=\"https:\/\/agencianectarina.com.br\/egd\/wp-content\/uploads\/2022\/10\/logo-egd-engenharia-rodape.jpg\" alt=\"\" width=\"120\" height=\"90\" \/>[\/vc_column_text][vc_custom_heading text=&#8221;Rua Raul Rold\u00e3o da Costa, 167<br \/>\nVila Bet\u00e2nia &#8211; CEP: 12245-484<br \/>\nS\u00e3o Jos\u00e9 dos Campos &#8211; SP&#8221; font_container=&#8221;tag:h4|font_size:16px|text_align:left|color:%23ffffff&#8221; google_fonts=&#8221;font_family:Lato%3A100%2C100italic%2C300%2C300italic%2Cregular%2Citalic%2C700%2C700italic%2C900%2C900italic|font_style:400%20regular%3A400%3Anormal&#8221;][mk_padding_divider size=&#8221;20&#8243;][vc_custom_heading text=&#8221;Telefone: +55 (12) 3923-2629<br \/>\ncomercial@egdengenharia.com.br<br \/>\negd@engenharia.com.br&#8221; font_container=&#8221;tag:h4|font_size:16px|text_align:left|color:%23ffffff&#8221; google_fonts=&#8221;font_family:Lato%3A100%2C100italic%2C300%2C300italic%2Cregular%2Citalic%2C700%2C700italic%2C900%2C900italic|font_style:400%20regular%3A400%3Anormal&#8221;][\/vc_column][vc_column width=&#8221;1\/4&#8243;][vc_custom_heading text=&#8221;Encontre F\u00e1cil&#8221; font_container=&#8221;tag:h3|font_size:18px|text_align:left|color:%23cf793b&#8221; google_fonts=&#8221;font_family:Lato%3A100%2C100italic%2C300%2C300italic%2Cregular%2Citalic%2C700%2C700italic%2C900%2C900italic|font_style:700%20bold%20regular%3A700%3Anormal&#8221;][mk_padding_divider size=&#8221;10&#8243;][vc_custom_heading text=&#8221;A Empresa&#8221; font_container=&#8221;tag:h4|font_size:16px|text_align:left|color:%23ffffff&#8221; google_fonts=&#8221;font_family:Lato%3A100%2C100italic%2C300%2C300italic%2Cregular%2Citalic%2C700%2C700italic%2C900%2C900italic|font_style:400%20regular%3A400%3Anormal&#8221; link=&#8221;url:https%3A%2F%2Fagencianectarina.com.br%2Fegd%2Fquem-somos||&#8221;][vc_custom_heading text=&#8221;Manta Termocontr\u00e1til&#8221; font_container=&#8221;tag:h4|font_size:16px|text_align:left|color:%23ffffff&#8221; google_fonts=&#8221;font_family:Lato%3A100%2C100italic%2C300%2C300italic%2Cregular%2Citalic%2C700%2C700italic%2C900%2C900italic|font_style:400%20regular%3A400%3Anormal&#8221; link=&#8221;url:https%3A%2F%2Fwww.egdengenharia.com.br%2Fprodutos%2Fdekotec%2F|title:Manta%20Termocontr%C3%A1til%20DEKOTEC|&#8221;][vc_custom_heading text=&#8221;Fita Sinalizadora&#8221; font_container=&#8221;tag:h4|font_size:16px|text_align:left|color:%23ffffff&#8221; google_fonts=&#8221;font_family:Lato%3A100%2C100italic%2C300%2C300italic%2Cregular%2Citalic%2C700%2C700italic%2C900%2C900italic|font_style:400%20regular%3A400%3Anormal&#8221; link=&#8221;url:https%3A%2F%2Fwww.egdengenharia.com.br%2Fprodutos%2Fsignaltape%2F|title:Fita%20de%20Sinaliza%C3%A7%C3%A3o|&#8221;][vc_custom_heading text=&#8221;Prote\u00e7\u00e3o Cat\u00f3dica&#8221; font_container=&#8221;tag:h4|font_size:16px|text_align:left|color:%23ffffff&#8221; google_fonts=&#8221;font_family:Lato%3A100%2C100italic%2C300%2C300italic%2Cregular%2Citalic%2C700%2C700italic%2C900%2C900italic|font_style:400%20regular%3A400%3Anormal&#8221; link=&#8221;url:https%3A%2F%2Fagencianectarina.com.br%2Fegd%2Fprotecao-catodica||&#8221;][vc_custom_heading text=&#8221;Trabalhe Conosco&#8221; font_container=&#8221;tag:h4|font_size:16px|text_align:left|color:%23ffffff&#8221; google_fonts=&#8221;font_family:Lato%3A100%2C100italic%2C300%2C300italic%2Cregular%2Citalic%2C700%2C700italic%2C900%2C900italic|font_style:400%20regular%3A400%3Anormal&#8221; link=&#8221;url:https%3A%2F%2Fagencianectarina.com.br%2Fegd%2Ftrabalhe-conosco||&#8221;][vc_custom_heading text=&#8221;Webmail&#8221; font_container=&#8221;tag:h4|font_size:16px|text_align:left|color:%23ffffff&#8221; google_fonts=&#8221;font_family:Lato%3A100%2C100italic%2C300%2C300italic%2Cregular%2Citalic%2C700%2C700italic%2C900%2C900italic|font_style:400%20regular%3A400%3Anormal&#8221; link=&#8221;url:https%3A%2F%2Fwebmail-seguro.com.br%2F||&#8221;][vc_custom_heading text=&#8221;Pol\u00edtica de Privacidade&#8221; font_container=&#8221;tag:h4|font_size:16px|text_align:left|color:%23ffffff&#8221; google_fonts=&#8221;font_family:Lato%3A100%2C100italic%2C300%2C300italic%2Cregular%2Citalic%2C700%2C700italic%2C900%2C900italic|font_style:400%20regular%3A400%3Anormal&#8221; link=&#8221;url:http%3A%2F%2Fagencianectarina.com.br%2Fegd%2Fpolitica-de-privacidade||&#8221;][\/vc_column][vc_column width=&#8221;1\/4&#8243;][vc_custom_heading text=&#8221;Social&#8221; font_container=&#8221;tag:h3|font_size:18px|text_align:left|color:%23cf793b&#8221; google_fonts=&#8221;font_family:Lato%3A100%2C100italic%2C300%2C300italic%2Cregular%2Citalic%2C700%2C700italic%2C900%2C900italic|font_style:700%20bold%20regular%3A700%3Anormal&#8221;][mk_padding_divider size=&#8221;10&#8243;][vc_custom_heading text=&#8221;Siga-nos nas redes sociais!&#8221; font_container=&#8221;tag:h4|font_size:16px|text_align:left|color:%23ffffff&#8221; google_fonts=&#8221;font_family:Lato%3A100%2C100italic%2C300%2C300italic%2Cregular%2Citalic%2C700%2C700italic%2C900%2C900italic|font_style:400%20regular%3A400%3Anormal&#8221;][mk_social_networks size=&#8221;medium&#8221; style=&#8221;circle&#8221; icon_color=&#8221;#ffffff&#8221; icon_hover_color=&#8221;#cf793b&#8221; instagram=&#8221;https:\/\/www.instagram.com\/egdengenharia&#8221; linkedin=&#8221;https:\/\/www.linkedin.com\/company\/egdengenharia\/&#8221;][mk_padding_divider size=&#8221;20&#8243;][vc_custom_heading text=&#8221;Contato com o DPO&#8221; font_container=&#8221;tag:h3|font_size:18px|text_align:left|color:%23cf793b&#8221; google_fonts=&#8221;font_family:Lato%3A100%2C100italic%2C300%2C300italic%2Cregular%2Citalic%2C700%2C700italic%2C900%2C900italic|font_style:700%20bold%20regular%3A700%3Anormal&#8221;][vc_custom_heading text=&#8221;Canal exclusivo para o exerc\u00edcio de seus direitos de acordo com a LGPD.&#8221; font_container=&#8221;tag:h4|font_size:16px|text_align:left|color:%23ffffff&#8221; google_fonts=&#8221;font_family:Lato%3A100%2C100italic%2C300%2C300italic%2Cregular%2Citalic%2C700%2C700italic%2C900%2C900italic|font_style:400%20regular%3A400%3Anormal&#8221;][vc_custom_heading text=&#8221;DPO: Camila Rodrigues<br \/>\nTelefone: +55 (12) 99763-1539<br \/>\ndpo@egdengenharia.com.br&#8221; font_container=&#8221;tag:h4|font_size:16px|text_align:left|color:%23ffffff&#8221; google_fonts=&#8221;font_family:Lato%3A100%2C100italic%2C300%2C300italic%2Cregular%2Citalic%2C700%2C700italic%2C900%2C900italic|font_style:400%20regular%3A400%3Anormal&#8221;][\/vc_column][vc_column width=&#8221;1\/4&#8243;][vc_custom_heading text=&#8221;Entre em Contato&#8221; font_container=&#8221;tag:h3|font_size:18px|text_align:left|color:%23cf793b&#8221; google_fonts=&#8221;font_family:Lato%3A100%2C100italic%2C300%2C300italic%2Cregular%2Citalic%2C700%2C700italic%2C900%2C900italic|font_style:700%20bold%20regular%3A700%3Anormal&#8221;][mk_padding_divider size=&#8221;10&#8243;][vc_custom_heading text=&#8221;Conhe\u00e7a as solu\u00e7\u00f5es que podem aumentar a seguran\u00e7a operacional e reduzir o custo de manuten\u00e7\u00e3o dos seus ativos.&#8221; font_container=&#8221;tag:h4|font_size:16px|text_align:left|color:%23ffffff&#8221; google_fonts=&#8221;font_family:Lato%3A100%2C100italic%2C300%2C300italic%2Cregular%2Citalic%2C700%2C700italic%2C900%2C900italic|font_style:400%20regular%3A400%3Anormal&#8221;][mk_padding_divider size=&#8221;20&#8243;][mk_button dimension=&#8221;flat&#8221; size=&#8221;medium&#8221; url=&#8221;https:\/\/agencianectarina.com.br\/egd\/contato&#8221; margin_right=&#8221;0&#8243;]CONTATO[\/mk_button][\/vc_column][\/mk_page_section][mk_page_section bg_color=&#8221;#050710&#8243; video_loop=&#8221;false&#8221; min_height=&#8221;0&#8243; padding_top=&#8221;20&#8243; sidebar=&#8221;sidebar-1&#8243;][vc_column][vc_custom_heading text=&#8221;Copyrights 2022 EGD ENGENHARIA | Todos os direitos reservados | Designed by B de Branding Design Estrat\u00e9gico&#8221; font_container=&#8221;tag:h6|font_size:12px|text_align:center|color:%23ffffff&#8221; google_fonts=&#8221;font_family:Lato%3A100%2C100italic%2C300%2C300italic%2Cregular%2Citalic%2C700%2C700italic%2C900%2C900italic|font_style:400%20regular%3A400%3Anormal&#8221;][\/vc_column][\/mk_page_section]\n","protected":false},"excerpt":{"rendered":"<p>[mk_page_section bg_image=&#8221;https:\/\/agencianectarina.com.br\/egd\/wp-content\/uploads\/2022\/10\/Capa-duto.jpg&#8221; bg_position=&#8221;center top&#8221; bg_repeat=&#8221;no-repeat&#8221; bg_stretch=&#8221;true&#8221; video_loop=&#8221;false&#8221; video_color_mask=&#8221;rgba(29,99,101,0.9)&#8221; video_opacity=&#8221;0.8&#8243; padding_top=&#8221;60&#8243; padding_bottom=&#8221;40&#8243; sidebar=&#8221;sidebar-1&#8243;][vc_column][vc_custom_heading text=&#8221;CLIENTES E PARCEIROS&#8221; font_container=&#8221;tag:h1|font_size:25px|text_align:left|color:%23ffffff&#8221; google_fonts=&#8221;font_family:Lato%3A100%2C100italic%2C300%2C300italic%2Cregular%2Citalic%2C700%2C700italic%2C900%2C900italic|font_style:700%20bold%20regular%3A700%3Anormal&#8221;][\/vc_column][\/mk_page_section][mk_page_section video_loop=&#8221;false&#8221; padding_top=&#8221;60&#8243; padding_bottom=&#8221;30&#8243; sidebar=&#8221;sidebar-1&#8243;][vc_column width=&#8221;1\/6&#8243;][\/vc_column][vc_column width=&#8221;2\/3&#8243;][vc_column_text] Desenvolver relacionamentos de qualidade com seus clientes \u00e9 um dos maiores diferenciais da EGD Engenharia. Veja abaixo alguns exemplos de organiza\u00e7\u00f5es que acreditam nesta ideia. [\/vc_column_text][\/vc_column][vc_column width=&#8221;1\/6&#8243;][\/vc_column][\/mk_page_section][mk_page_section video_loop=&#8221;false&#8221; padding_top=&#8221;0&#8243; padding_bottom=&#8221;60&#8243; sidebar=&#8221;sidebar-1&#8243;][vc_column][mk_clients style=&#8221;column&#8221; [&hellip;]<\/p>\n","protected":false},"author":1,"featured_media":0,"parent":0,"menu_order":0,"comment_status":"closed","ping_status":"closed","template":"","meta":{"footnotes":""},"class_list":["post-387","page","type-page","status-publish","hentry"],"yoast_head":"<!-- This site is optimized with the Yoast SEO plugin v26.9 - https:\/\/yoast.com\/product\/yoast-seo-wordpress\/ -->\n<title>Clientes e parceiros - EGD Engenharia<\/title>\n<meta name=\"robots\" content=\"noindex, follow, max-snippet:-1, max-image-preview:large, max-video-preview:-1\" \/>\n<meta property=\"og:locale\" content=\"pt_BR\" \/>\n<meta property=\"og:type\" content=\"article\" \/>\n<meta property=\"og:title\" content=\"Clientes e parceiros - EGD Engenharia\" \/>\n<meta property=\"og:description\" content=\"[mk_page_section bg_image=&#8221;https:\/\/agencianectarina.com.br\/egd\/wp-content\/uploads\/2022\/10\/Capa-duto.jpg&#8221; bg_position=&#8221;center top&#8221; bg_repeat=&#8221;no-repeat&#8221; bg_stretch=&#8221;true&#8221; video_loop=&#8221;false&#8221; video_color_mask=&#8221;rgba(29,99,101,0.9)&#8221; video_opacity=&#8221;0.8&#8243; padding_top=&#8221;60&#8243; padding_bottom=&#8221;40&#8243; sidebar=&#8221;sidebar-1&#8243;][vc_column][vc_custom_heading text=&#8221;CLIENTES E PARCEIROS&#8221; font_container=&#8221;tag:h1|font_size:25px|text_align:left|color:%23ffffff&#8221; google_fonts=&#8221;font_family:Lato%3A100%2C100italic%2C300%2C300italic%2Cregular%2Citalic%2C700%2C700italic%2C900%2C900italic|font_style:700%20bold%20regular%3A700%3Anormal&#8221;][\/vc_column][\/mk_page_section][mk_page_section video_loop=&#8221;false&#8221; padding_top=&#8221;60&#8243; padding_bottom=&#8221;30&#8243; sidebar=&#8221;sidebar-1&#8243;][vc_column width=&#8221;1\/6&#8243;][\/vc_column][vc_column width=&#8221;2\/3&#8243;][vc_column_text] Desenvolver relacionamentos de qualidade com seus clientes \u00e9 um dos maiores diferenciais da EGD Engenharia. Veja abaixo alguns exemplos de organiza\u00e7\u00f5es que acreditam nesta ideia. [\/vc_column_text][\/vc_column][vc_column width=&#8221;1\/6&#8243;][\/vc_column][\/mk_page_section][mk_page_section video_loop=&#8221;false&#8221; padding_top=&#8221;0&#8243; padding_bottom=&#8221;60&#8243; sidebar=&#8221;sidebar-1&#8243;][vc_column][mk_clients style=&#8221;column&#8221; [&hellip;]\" \/>\n<meta property=\"og:url\" content=\"https:\/\/agencianectarina.com.br\/egd\/clientes-e-parceiros\/\" \/>\n<meta property=\"og:site_name\" content=\"EGD Engenharia\" \/>\n<meta property=\"article:modified_time\" content=\"2022-12-08T18:33:43+00:00\" \/>\n<meta property=\"og:image\" content=\"https:\/\/agencianectarina.com.br\/egd\/wp-content\/uploads\/2022\/10\/logo-egd-engenharia-rodape.jpg\" \/>\n<meta name=\"twitter:card\" content=\"summary_large_image\" \/>\n<meta name=\"twitter:label1\" content=\"Est. tempo de leitura\" \/>\n\t<meta name=\"twitter:data1\" content=\"2 minutos\" \/>\n<script type=\"application\/ld+json\" class=\"yoast-schema-graph\">{\"@context\":\"https:\/\/schema.org\",\"@graph\":[{\"@type\":\"WebPage\",\"@id\":\"https:\/\/agencianectarina.com.br\/egd\/clientes-e-parceiros\/\",\"url\":\"https:\/\/agencianectarina.com.br\/egd\/clientes-e-parceiros\/\",\"name\":\"Clientes e parceiros - EGD Engenharia\",\"isPartOf\":{\"@id\":\"https:\/\/agencianectarina.com.br\/egd\/#website\"},\"primaryImageOfPage\":{\"@id\":\"https:\/\/agencianectarina.com.br\/egd\/clientes-e-parceiros\/#primaryimage\"},\"image\":{\"@id\":\"https:\/\/agencianectarina.com.br\/egd\/clientes-e-parceiros\/#primaryimage\"},\"thumbnailUrl\":\"https:\/\/agencianectarina.com.br\/egd\/wp-content\/uploads\/2022\/10\/logo-egd-engenharia-rodape.jpg\",\"datePublished\":\"2022-10-17T13:04:15+00:00\",\"dateModified\":\"2022-12-08T18:33:43+00:00\",\"breadcrumb\":{\"@id\":\"https:\/\/agencianectarina.com.br\/egd\/clientes-e-parceiros\/#breadcrumb\"},\"inLanguage\":\"pt-BR\",\"potentialAction\":[{\"@type\":\"ReadAction\",\"target\":[\"https:\/\/agencianectarina.com.br\/egd\/clientes-e-parceiros\/\"]}]},{\"@type\":\"ImageObject\",\"inLanguage\":\"pt-BR\",\"@id\":\"https:\/\/agencianectarina.com.br\/egd\/clientes-e-parceiros\/#primaryimage\",\"url\":\"https:\/\/agencianectarina.com.br\/egd\/wp-content\/uploads\/2022\/10\/logo-egd-engenharia-rodape.jpg\",\"contentUrl\":\"https:\/\/agencianectarina.com.br\/egd\/wp-content\/uploads\/2022\/10\/logo-egd-engenharia-rodape.jpg\",\"width\":120,\"height\":90},{\"@type\":\"BreadcrumbList\",\"@id\":\"https:\/\/agencianectarina.com.br\/egd\/clientes-e-parceiros\/#breadcrumb\",\"itemListElement\":[{\"@type\":\"ListItem\",\"position\":1,\"name\":\"In\u00edcio\",\"item\":\"https:\/\/agencianectarina.com.br\/egd\/\"},{\"@type\":\"ListItem\",\"position\":2,\"name\":\"Clientes e parceiros\"}]},{\"@type\":\"WebSite\",\"@id\":\"https:\/\/agencianectarina.com.br\/egd\/#website\",\"url\":\"https:\/\/agencianectarina.com.br\/egd\/\",\"name\":\"EGD Engenharia\",\"description\":\"S\u00f3 mais um site WordPress\",\"potentialAction\":[{\"@type\":\"SearchAction\",\"target\":{\"@type\":\"EntryPoint\",\"urlTemplate\":\"https:\/\/agencianectarina.com.br\/egd\/?s={search_term_string}\"},\"query-input\":{\"@type\":\"PropertyValueSpecification\",\"valueRequired\":true,\"valueName\":\"search_term_string\"}}],\"inLanguage\":\"pt-BR\"}]}<\/script>\n<!-- \/ Yoast SEO plugin. -->","yoast_head_json":{"title":"Clientes e parceiros - EGD Engenharia","robots":{"index":"noindex","follow":"follow","max-snippet":"max-snippet:-1","max-image-preview":"max-image-preview:large","max-video-preview":"max-video-preview:-1"},"og_locale":"pt_BR","og_type":"article","og_title":"Clientes e parceiros - EGD Engenharia","og_description":"[mk_page_section bg_image=&#8221;https:\/\/agencianectarina.com.br\/egd\/wp-content\/uploads\/2022\/10\/Capa-duto.jpg&#8221; bg_position=&#8221;center top&#8221; bg_repeat=&#8221;no-repeat&#8221; bg_stretch=&#8221;true&#8221; video_loop=&#8221;false&#8221; video_color_mask=&#8221;rgba(29,99,101,0.9)&#8221; video_opacity=&#8221;0.8&#8243; padding_top=&#8221;60&#8243; padding_bottom=&#8221;40&#8243; sidebar=&#8221;sidebar-1&#8243;][vc_column][vc_custom_heading text=&#8221;CLIENTES E PARCEIROS&#8221; font_container=&#8221;tag:h1|font_size:25px|text_align:left|color:%23ffffff&#8221; google_fonts=&#8221;font_family:Lato%3A100%2C100italic%2C300%2C300italic%2Cregular%2Citalic%2C700%2C700italic%2C900%2C900italic|font_style:700%20bold%20regular%3A700%3Anormal&#8221;][\/vc_column][\/mk_page_section][mk_page_section video_loop=&#8221;false&#8221; padding_top=&#8221;60&#8243; padding_bottom=&#8221;30&#8243; sidebar=&#8221;sidebar-1&#8243;][vc_column width=&#8221;1\/6&#8243;][\/vc_column][vc_column width=&#8221;2\/3&#8243;][vc_column_text] Desenvolver relacionamentos de qualidade com seus clientes \u00e9 um dos maiores diferenciais da EGD Engenharia. Veja abaixo alguns exemplos de organiza\u00e7\u00f5es que acreditam nesta ideia. [\/vc_column_text][\/vc_column][vc_column width=&#8221;1\/6&#8243;][\/vc_column][\/mk_page_section][mk_page_section video_loop=&#8221;false&#8221; padding_top=&#8221;0&#8243; padding_bottom=&#8221;60&#8243; sidebar=&#8221;sidebar-1&#8243;][vc_column][mk_clients style=&#8221;column&#8221; [&hellip;]","og_url":"https:\/\/agencianectarina.com.br\/egd\/clientes-e-parceiros\/","og_site_name":"EGD Engenharia","article_modified_time":"2022-12-08T18:33:43+00:00","og_image":[{"url":"https:\/\/agencianectarina.com.br\/egd\/wp-content\/uploads\/2022\/10\/logo-egd-engenharia-rodape.jpg","type":"","width":"","height":""}],"twitter_card":"summary_large_image","twitter_misc":{"Est. tempo de leitura":"2 minutos"},"schema":{"@context":"https:\/\/schema.org","@graph":[{"@type":"WebPage","@id":"https:\/\/agencianectarina.com.br\/egd\/clientes-e-parceiros\/","url":"https:\/\/agencianectarina.com.br\/egd\/clientes-e-parceiros\/","name":"Clientes e parceiros - EGD Engenharia","isPartOf":{"@id":"https:\/\/agencianectarina.com.br\/egd\/#website"},"primaryImageOfPage":{"@id":"https:\/\/agencianectarina.com.br\/egd\/clientes-e-parceiros\/#primaryimage"},"image":{"@id":"https:\/\/agencianectarina.com.br\/egd\/clientes-e-parceiros\/#primaryimage"},"thumbnailUrl":"https:\/\/agencianectarina.com.br\/egd\/wp-content\/uploads\/2022\/10\/logo-egd-engenharia-rodape.jpg","datePublished":"2022-10-17T13:04:15+00:00","dateModified":"2022-12-08T18:33:43+00:00","breadcrumb":{"@id":"https:\/\/agencianectarina.com.br\/egd\/clientes-e-parceiros\/#breadcrumb"},"inLanguage":"pt-BR","potentialAction":[{"@type":"ReadAction","target":["https:\/\/agencianectarina.com.br\/egd\/clientes-e-parceiros\/"]}]},{"@type":"ImageObject","inLanguage":"pt-BR","@id":"https:\/\/agencianectarina.com.br\/egd\/clientes-e-parceiros\/#primaryimage","url":"https:\/\/agencianectarina.com.br\/egd\/wp-content\/uploads\/2022\/10\/logo-egd-engenharia-rodape.jpg","contentUrl":"https:\/\/agencianectarina.com.br\/egd\/wp-content\/uploads\/2022\/10\/logo-egd-engenharia-rodape.jpg","width":120,"height":90},{"@type":"BreadcrumbList","@id":"https:\/\/agencianectarina.com.br\/egd\/clientes-e-parceiros\/#breadcrumb","itemListElement":[{"@type":"ListItem","position":1,"name":"In\u00edcio","item":"https:\/\/agencianectarina.com.br\/egd\/"},{"@type":"ListItem","position":2,"name":"Clientes e parceiros"}]},{"@type":"WebSite","@id":"https:\/\/agencianectarina.com.br\/egd\/#website","url":"https:\/\/agencianectarina.com.br\/egd\/","name":"EGD Engenharia","description":"S\u00f3 mais um site WordPress","potentialAction":[{"@type":"SearchAction","target":{"@type":"EntryPoint","urlTemplate":"https:\/\/agencianectarina.com.br\/egd\/?s={search_term_string}"},"query-input":{"@type":"PropertyValueSpecification","valueRequired":true,"valueName":"search_term_string"}}],"inLanguage":"pt-BR"}]}},"_links":{"self":[{"href":"https:\/\/agencianectarina.com.br\/egd\/wp-json\/wp\/v2\/pages\/387","targetHints":{"allow":["GET"]}}],"collection":[{"href":"https:\/\/agencianectarina.com.br\/egd\/wp-json\/wp\/v2\/pages"}],"about":[{"href":"https:\/\/agencianectarina.com.br\/egd\/wp-json\/wp\/v2\/types\/page"}],"author":[{"embeddable":true,"href":"https:\/\/agencianectarina.com.br\/egd\/wp-json\/wp\/v2\/users\/1"}],"replies":[{"embeddable":true,"href":"https:\/\/agencianectarina.com.br\/egd\/wp-json\/wp\/v2\/comments?post=387"}],"version-history":[{"count":20,"href":"https:\/\/agencianectarina.com.br\/egd\/wp-json\/wp\/v2\/pages\/387\/revisions"}],"predecessor-version":[{"id":967,"href":"https:\/\/agencianectarina.com.br\/egd\/wp-json\/wp\/v2\/pages\/387\/revisions\/967"}],"wp:attachment":[{"href":"https:\/\/agencianectarina.com.br\/egd\/wp-json\/wp\/v2\/media?parent=387"}],"curies":[{"name":"wp","href":"https:\/\/api.w.org\/{rel}","templated":true}]}}